{"id":402,"date":"2020-04-18T00:06:19","date_gmt":"2020-04-18T03:06:19","guid":{"rendered":"https:\/\/sustainability-canvas.com\/?page_id=402"},"modified":"2020-06-01T00:29:38","modified_gmt":"2020-06-01T03:29:38","slug":"sustainability-collective-1","status":"publish","type":"page","link":"https:\/\/sustainability-canvas.com\/pt\/sustainability-collective-1\/","title":{"rendered":"Coletivo Pela Sustentabilidade"},"content":{"rendered":"<div data-elementor-type=\"wp-page\" data-elementor-id=\"402\" class=\"elementor elementor-402\" data-elementor-settings=\"[]\">\n\t\t\t\t\t\t<div class=\"elementor-inner\">\n\t\t\t\t\t\t\t<div class=\"elementor-section-wrap\">\n\t\t\t\t\t\t\t<section class=\"elementor-section elementor-top-section elementor-element elementor-element-1d137eb elementor-section-boxed elementor-section-height-default elementor-section-height-default\" data-id=\"1d137eb\" data-element_type=\"section\">\n\t\t\t\t\t\t<div class=\"elementor-container elementor-column-gap-default\">\n\t\t\t\t\t\t\t<div class=\"elementor-row\">\n\t\t\t\t\t<div class=\"elementor-column elementor-col-100 elementor-top-column elementor-element elementor-element-5e2abd5\" data-id=\"5e2abd5\" data-element_type=\"column\">\n\t\t\t<div class=\"elementor-column-wrap elementor-element-populated\">\n\t\t\t\t\t\t\t<div class=\"elementor-widget-wrap\">\n\t\t\t\t\t\t<div class=\"elementor-element elementor-element-9f3923b elementor-widget elementor-widget-heading\" data-id=\"9f3923b\" data-element_type=\"widget\" data-widget_type=\"heading.default\">\n\t\t\t\t<div class=\"elementor-widget-container\">\n\t\t\t<h1 class=\"elementor-heading-title elementor-size-default\">Coletivo Pela Sustentabilidade<\/h1>\t\t<\/div>\n\t\t\t\t<\/div>\n\t\t\t\t\t\t<\/div>\n\t\t\t\t\t<\/div>\n\t\t<\/div>\n\t\t\t\t\t\t\t\t<\/div>\n\t\t\t\t\t<\/div>\n\t\t<\/section>\n\t\t\t\t<section class=\"elementor-section elementor-top-section elementor-element elementor-element-bf654f1 elementor-section-boxed elementor-section-height-default elementor-section-height-default\" data-id=\"bf654f1\" data-element_type=\"section\">\n\t\t\t\t\t\t<div class=\"elementor-container elementor-column-gap-default\">\n\t\t\t\t\t\t\t<div class=\"elementor-row\">\n\t\t\t\t\t<div class=\"elementor-column elementor-col-100 elementor-top-column elementor-element elementor-element-6e10de5\" data-id=\"6e10de5\" data-element_type=\"column\">\n\t\t\t<div class=\"elementor-column-wrap elementor-element-populated\">\n\t\t\t\t\t\t\t<div class=\"elementor-widget-wrap\">\n\t\t\t\t\t\t<div class=\"elementor-element elementor-element-cd9cd43 elementor-widget elementor-widget-text-editor\" data-id=\"cd9cd43\" data-element_type=\"widget\" data-widget_type=\"text-editor.default\">\n\t\t\t\t<div class=\"elementor-widget-container\">\n\t\t\t\t\t\t\t\t<div class=\"elementor-text-editor elementor-clearfix\">\n\t\t\t\t<div><div><div><p style=\"text-align: center;\"><a href=\"https:\/\/sustainability-canvas.com\/pt\/about\/\">Desejamos um novo sistema econ\u00f4mico<\/a> em que o sucesso \u00e9 medido pelo impacto positivo e o valor criado para a sociedade e para o planeta.<\/p><p style=\"text-align: center;\">O 4D Sustainability Canvas oferece uma solu\u00e7\u00e3o simplificada e acess\u00edvel para pequenas e m\u00e9dias empresas darem os primeiros passos nessa dire\u00e7\u00e3o, mas gostar\u00edamos de ir al\u00e9m de oferecer uma metodologia, nosso objetivo a longo prazo \u00e9 redefinir o papel dos neg\u00f3cios em um esfor\u00e7o coletivo.<\/p><p style=\"text-align: center;\">Juntos, podemos alcan\u00e7ar muito mais. Criamos esse espa\u00e7o para profissionais e empresas que trabalham em prol dos Objetivos de Desenvolvimento Sustent\u00e1vel da ONU para mostrar seus servi\u00e7os e poder se conectar uns com os outros e com as PME. Se voc\u00ea \u00e9 um desses indiv\u00edduos ou organiza\u00e7\u00f5es e gostaria de se juntar ao 4D Sustainability Collective, clique no bot\u00e3o abaixo e preencha suas informa\u00e7\u00f5es.<\/p><\/div><\/div><\/div><div><div><div style=\"text-align: center;\">\u00a0<\/div><\/div><\/div>\t\t\t\t\t<\/div>\n\t\t\t\t\t\t<\/div>\n\t\t\t\t<\/div>\n\t\t\t\t<div class=\"elementor-element elementor-element-5983629 elementor-align-center elementor-widget elementor-widget-button\" data-id=\"5983629\" data-element_type=\"widget\" data-widget_type=\"button.default\">\n\t\t\t\t<div class=\"elementor-widget-container\">\n\t\t\t\t\t<div class=\"elementor-button-wrapper\">\n\t\t\t<a href=\"https:\/\/forms.gle\/35UVirZSmsf8pwaX9\" class=\"elementor-button-link elementor-button elementor-size-sm\" role=\"button\">\n\t\t\t\t\t\t<span class=\"elementor-button-content-wrapper\">\n\t\t\t\t\t\t<span class=\"elementor-button-text\">Quero fazer parte<\/span>\n\t\t<\/span>\n\t\t\t\t\t<\/a>\n\t\t<\/div>\n\t\t\t\t<\/div>\n\t\t\t\t<\/div>\n\t\t\t\t<div class=\"elementor-element elementor-element-6d3ceca elementor-widget elementor-widget-text-editor\" data-id=\"6d3ceca\" data-element_type=\"widget\" data-widget_type=\"text-editor.default\">\n\t\t\t\t<div class=\"elementor-widget-container\">\n\t\t\t\t\t\t\t\t<div class=\"elementor-text-editor elementor-clearfix\">\n\t\t\t\t\t\t\t\t\t<\/div>\n\t\t\t\t\t\t<\/div>\n\t\t\t\t<\/div>\n\t\t\t\t<section class=\"elementor-section elementor-inner-section elementor-element elementor-element-1812c43 elementor-section-boxed elementor-section-height-default elementor-section-height-default\" data-id=\"1812c43\" data-element_type=\"section\">\n\t\t\t\t\t\t<div class=\"elementor-container elementor-column-gap-default\">\n\t\t\t\t\t\t\t<div class=\"elementor-row\">\n\t\t\t\t\t<div class=\"elementor-column elementor-col-66 elementor-inner-column elementor-element elementor-element-b033b41\" data-id=\"b033b41\" data-element_type=\"column\">\n\t\t\t<div class=\"elementor-column-wrap elementor-element-populated\">\n\t\t\t\t\t\t\t<div class=\"elementor-widget-wrap\">\n\t\t\t\t\t\t<div class=\"elementor-element elementor-element-44aa63c elementor-widget elementor-widget-text-editor\" data-id=\"44aa63c\" data-element_type=\"widget\" data-widget_type=\"text-editor.default\">\n\t\t\t\t<div class=\"elementor-widget-container\">\n\t\t\t\t\t\t\t\t<div class=\"elementor-text-editor elementor-clearfix\">\n\t\t\t\t<p style=\"text-align: right;\">Com a cria\u00e7\u00e3o deste espa\u00e7o, estamos agindo em prol do <a href=\"https:\/\/nacoesunidas.org\/pos2015\/ods17\/\">Objetivo 17<\/a><\/p>\t\t\t\t\t<\/div>\n\t\t\t\t\t\t<\/div>\n\t\t\t\t<\/div>\n\t\t\t\t\t\t<\/div>\n\t\t\t\t\t<\/div>\n\t\t<\/div>\n\t\t\t\t<div class=\"elementor-column elementor-col-33 elementor-inner-column elementor-element elementor-element-1c9dad6\" data-id=\"1c9dad6\" data-element_type=\"column\">\n\t\t\t<div class=\"elementor-column-wrap elementor-element-populated\">\n\t\t\t\t\t\t\t<div class=\"elementor-widget-wrap\">\n\t\t\t\t\t\t<div class=\"elementor-element elementor-element-0aa64fe elementor-widget elementor-widget-image\" data-id=\"0aa64fe\" data-element_type=\"widget\" data-widget_type=\"image.default\">\n\t\t\t\t<div class=\"elementor-widget-container\">\n\t\t\t\t\t\t\t\t<div class=\"elementor-image\">\n\t\t\t\t\t\t\t\t\t\t\t\t<img decoding=\"async\" src=\"https:\/\/sustainability-canvas.com\/wp-content\/uploads\/elementor\/thumbs\/sdg17-oofef8r0ezbtc4th2yzgkl3hx144kyph7qilp8pnp8.jpg\" title=\"sdg17\" alt=\"sdg17\" \/>\t\t\t\t\t\t\t\t\t\t\t\t\t\t<\/div>\n\t\t\t\t\t\t<\/div>\n\t\t\t\t<\/div>\n\t\t\t\t\t\t<\/div>\n\t\t\t\t\t<\/div>\n\t\t<\/div>\n\t\t\t\t\t\t\t\t<\/div>\n\t\t\t\t\t<\/div>\n\t\t<\/section>\n\t\t\t\t\t\t<\/div>\n\t\t\t\t\t<\/div>\n\t\t<\/div>\n\t\t\t\t\t\t\t\t<\/div>\n\t\t\t\t\t<\/div>\n\t\t<\/section>\n\t\t\t\t\t\t<\/div>\n\t\t\t\t\t\t<\/div>\n\t\t\t\t\t<\/div>","protected":false},"excerpt":{"rendered":"<p>4D Sustainability Collective We envision a new economic system where the success of a company is measured by the value created for the society and the planet&#8230;.<\/p>","protected":false},"author":2,"featured_media":0,"parent":0,"menu_order":0,"comment_status":"closed","ping_status":"closed","template":"","meta":{"give_campaign_id":0,"footnotes":""},"class_list":["post-402","page","type-page","status-publish","hentry"],"yoast_head":"<!-- This site is optimized with the Yoast SEO plugin v27.3 - https:\/\/yoast.com\/product\/yoast-seo-wordpress\/ -->\n<title>4D Sustainability Canvas - 4D Sustainability Collective<\/title>\n<meta name=\"robots\" content=\"index, follow, max-snippet:-1, max-image-preview:large, max-video-preview:-1\" \/>\n<link rel=\"canonical\" href=\"https:\/\/sustainability-canvas.com\/pt\/sustainability-collective-1\/\" \/>\n<meta property=\"og:locale\" content=\"pt_BR\" \/>\n<meta property=\"og:type\" content=\"article\" \/>\n<meta property=\"og:title\" content=\"4D Sustainability Canvas - 4D Sustainability Collective\" \/>\n<meta property=\"og:description\" content=\"4D Sustainability Collective We envision a new economic system where the success of a company is measured by the value created for the society and the planet....\" \/>\n<meta property=\"og:url\" content=\"https:\/\/sustainability-canvas.com\/pt\/sustainability-collective-1\/\" \/>\n<meta property=\"og:site_name\" content=\"4D Sustainability Canvas\" \/>\n<meta property=\"article:modified_time\" content=\"2020-06-01T03:29:38+00:00\" \/>\n<meta property=\"og:image\" content=\"https:\/\/sustainability-canvas.com\/wp-content\/uploads\/elementor\/thumbs\/sdg17-oofef8r0ezbtc4th2yzgkl3hx144kyph7qilp8pnp8.jpg\" \/>\n<meta name=\"twitter:card\" content=\"summary_large_image\" \/>\n<meta name=\"twitter:label1\" content=\"Est. tempo de leitura\" \/>\n\t<meta name=\"twitter:data1\" content=\"1 minuto\" \/>\n<script type=\"application\/ld+json\" class=\"yoast-schema-graph\">{\"@context\":\"https:\\\/\\\/schema.org\",\"@graph\":[{\"@type\":\"WebPage\",\"@id\":\"https:\\\/\\\/sustainability-canvas.com\\\/sustainability-collective-1\\\/\",\"url\":\"https:\\\/\\\/sustainability-canvas.com\\\/sustainability-collective-1\\\/\",\"name\":\"4D Sustainability Canvas - 4D Sustainability Collective\",\"isPartOf\":{\"@id\":\"https:\\\/\\\/sustainability-canvas.com\\\/#website\"},\"primaryImageOfPage\":{\"@id\":\"https:\\\/\\\/sustainability-canvas.com\\\/sustainability-collective-1\\\/#primaryimage\"},\"image\":{\"@id\":\"https:\\\/\\\/sustainability-canvas.com\\\/sustainability-collective-1\\\/#primaryimage\"},\"thumbnailUrl\":\"https:\\\/\\\/sustainability-canvas.com\\\/wp-content\\\/uploads\\\/elementor\\\/thumbs\\\/sdg17-oofef8r0ezbtc4th2yzgkl3hx144kyph7qilp8pnp8.jpg\",\"datePublished\":\"2020-04-18T03:06:19+00:00\",\"dateModified\":\"2020-06-01T03:29:38+00:00\",\"breadcrumb\":{\"@id\":\"https:\\\/\\\/sustainability-canvas.com\\\/sustainability-collective-1\\\/#breadcrumb\"},\"inLanguage\":\"pt-BR\",\"potentialAction\":[{\"@type\":\"ReadAction\",\"target\":[\"https:\\\/\\\/sustainability-canvas.com\\\/sustainability-collective-1\\\/\"]}]},{\"@type\":\"ImageObject\",\"inLanguage\":\"pt-BR\",\"@id\":\"https:\\\/\\\/sustainability-canvas.com\\\/sustainability-collective-1\\\/#primaryimage\",\"url\":\"https:\\\/\\\/sustainability-canvas.com\\\/wp-content\\\/uploads\\\/elementor\\\/thumbs\\\/sdg17-oofef8r0ezbtc4th2yzgkl3hx144kyph7qilp8pnp8.jpg\",\"contentUrl\":\"https:\\\/\\\/sustainability-canvas.com\\\/wp-content\\\/uploads\\\/elementor\\\/thumbs\\\/sdg17-oofef8r0ezbtc4th2yzgkl3hx144kyph7qilp8pnp8.jpg\"},{\"@type\":\"BreadcrumbList\",\"@id\":\"https:\\\/\\\/sustainability-canvas.com\\\/sustainability-collective-1\\\/#breadcrumb\",\"itemListElement\":[{\"@type\":\"ListItem\",\"position\":1,\"name\":\"In\u00edcio\",\"item\":\"https:\\\/\\\/sustainability-canvas.com\\\/\"},{\"@type\":\"ListItem\",\"position\":2,\"name\":\"4D Sustainability Collective\"}]},{\"@type\":\"WebSite\",\"@id\":\"https:\\\/\\\/sustainability-canvas.com\\\/#website\",\"url\":\"https:\\\/\\\/sustainability-canvas.com\\\/\",\"name\":\"4D Sustainability Canvas\",\"description\":\"Navigating small and medium enterprises on their sustainability journey\",\"publisher\":{\"@id\":\"https:\\\/\\\/sustainability-canvas.com\\\/#organization\"},\"potentialAction\":[{\"@type\":\"SearchAction\",\"target\":{\"@type\":\"EntryPoint\",\"urlTemplate\":\"https:\\\/\\\/sustainability-canvas.com\\\/?s={search_term_string}\"},\"query-input\":{\"@type\":\"PropertyValueSpecification\",\"valueRequired\":true,\"valueName\":\"search_term_string\"}}],\"inLanguage\":\"pt-BR\"},{\"@type\":\"Organization\",\"@id\":\"https:\\\/\\\/sustainability-canvas.com\\\/#organization\",\"name\":\"4D Sustainability Canvas\",\"url\":\"https:\\\/\\\/sustainability-canvas.com\\\/\",\"logo\":{\"@type\":\"ImageObject\",\"inLanguage\":\"pt-BR\",\"@id\":\"https:\\\/\\\/sustainability-canvas.com\\\/#\\\/schema\\\/logo\\\/image\\\/\",\"url\":\"https:\\\/\\\/sustainability-canvas.com\\\/wp-content\\\/uploads\\\/2020\\\/02\\\/logo.png\",\"contentUrl\":\"https:\\\/\\\/sustainability-canvas.com\\\/wp-content\\\/uploads\\\/2020\\\/02\\\/logo.png\",\"width\":1688,\"height\":626,\"caption\":\"4D Sustainability Canvas\"},\"image\":{\"@id\":\"https:\\\/\\\/sustainability-canvas.com\\\/#\\\/schema\\\/logo\\\/image\\\/\"}}]}<\/script>\n<!-- \/ Yoast SEO plugin. -->","yoast_head_json":{"title":"4D Sustainability Canvas - 4D Sustainability Collective","robots":{"index":"index","follow":"follow","max-snippet":"max-snippet:-1","max-image-preview":"max-image-preview:large","max-video-preview":"max-video-preview:-1"},"canonical":"https:\/\/sustainability-canvas.com\/pt\/sustainability-collective-1\/","og_locale":"pt_BR","og_type":"article","og_title":"4D Sustainability Canvas - 4D Sustainability Collective","og_description":"4D Sustainability Collective We envision a new economic system where the success of a company is measured by the value created for the society and the planet....","og_url":"https:\/\/sustainability-canvas.com\/pt\/sustainability-collective-1\/","og_site_name":"4D Sustainability Canvas","article_modified_time":"2020-06-01T03:29:38+00:00","og_image":[{"url":"https:\/\/sustainability-canvas.com\/wp-content\/uploads\/elementor\/thumbs\/sdg17-oofef8r0ezbtc4th2yzgkl3hx144kyph7qilp8pnp8.jpg","type":"","width":"","height":""}],"twitter_card":"summary_large_image","twitter_misc":{"Est. tempo de leitura":"1 minuto"},"schema":{"@context":"https:\/\/schema.org","@graph":[{"@type":"WebPage","@id":"https:\/\/sustainability-canvas.com\/sustainability-collective-1\/","url":"https:\/\/sustainability-canvas.com\/sustainability-collective-1\/","name":"4D Sustainability Canvas - 4D Sustainability Collective","isPartOf":{"@id":"https:\/\/sustainability-canvas.com\/#website"},"primaryImageOfPage":{"@id":"https:\/\/sustainability-canvas.com\/sustainability-collective-1\/#primaryimage"},"image":{"@id":"https:\/\/sustainability-canvas.com\/sustainability-collective-1\/#primaryimage"},"thumbnailUrl":"https:\/\/sustainability-canvas.com\/wp-content\/uploads\/elementor\/thumbs\/sdg17-oofef8r0ezbtc4th2yzgkl3hx144kyph7qilp8pnp8.jpg","datePublished":"2020-04-18T03:06:19+00:00","dateModified":"2020-06-01T03:29:38+00:00","breadcrumb":{"@id":"https:\/\/sustainability-canvas.com\/sustainability-collective-1\/#breadcrumb"},"inLanguage":"pt-BR","potentialAction":[{"@type":"ReadAction","target":["https:\/\/sustainability-canvas.com\/sustainability-collective-1\/"]}]},{"@type":"ImageObject","inLanguage":"pt-BR","@id":"https:\/\/sustainability-canvas.com\/sustainability-collective-1\/#primaryimage","url":"https:\/\/sustainability-canvas.com\/wp-content\/uploads\/elementor\/thumbs\/sdg17-oofef8r0ezbtc4th2yzgkl3hx144kyph7qilp8pnp8.jpg","contentUrl":"https:\/\/sustainability-canvas.com\/wp-content\/uploads\/elementor\/thumbs\/sdg17-oofef8r0ezbtc4th2yzgkl3hx144kyph7qilp8pnp8.jpg"},{"@type":"BreadcrumbList","@id":"https:\/\/sustainability-canvas.com\/sustainability-collective-1\/#breadcrumb","itemListElement":[{"@type":"ListItem","position":1,"name":"In\u00edcio","item":"https:\/\/sustainability-canvas.com\/"},{"@type":"ListItem","position":2,"name":"4D Sustainability Collective"}]},{"@type":"WebSite","@id":"https:\/\/sustainability-canvas.com\/#website","url":"https:\/\/sustainability-canvas.com\/","name":"4D Sustainability Canvas","description":"Navigating small and medium enterprises on their sustainability journey","publisher":{"@id":"https:\/\/sustainability-canvas.com\/#organization"},"potentialAction":[{"@type":"SearchAction","target":{"@type":"EntryPoint","urlTemplate":"https:\/\/sustainability-canvas.com\/?s={search_term_string}"},"query-input":{"@type":"PropertyValueSpecification","valueRequired":true,"valueName":"search_term_string"}}],"inLanguage":"pt-BR"},{"@type":"Organization","@id":"https:\/\/sustainability-canvas.com\/#organization","name":"4D Sustainability Canvas","url":"https:\/\/sustainability-canvas.com\/","logo":{"@type":"ImageObject","inLanguage":"pt-BR","@id":"https:\/\/sustainability-canvas.com\/#\/schema\/logo\/image\/","url":"https:\/\/sustainability-canvas.com\/wp-content\/uploads\/2020\/02\/logo.png","contentUrl":"https:\/\/sustainability-canvas.com\/wp-content\/uploads\/2020\/02\/logo.png","width":1688,"height":626,"caption":"4D Sustainability Canvas"},"image":{"@id":"https:\/\/sustainability-canvas.com\/#\/schema\/logo\/image\/"}}]}},"campaignId":"","_links":{"self":[{"href":"https:\/\/sustainability-canvas.com\/pt\/wp-json\/wp\/v2\/pages\/402","targetHints":{"allow":["GET"]}}],"collection":[{"href":"https:\/\/sustainability-canvas.com\/pt\/wp-json\/wp\/v2\/pages"}],"about":[{"href":"https:\/\/sustainability-canvas.com\/pt\/wp-json\/wp\/v2\/types\/page"}],"author":[{"embeddable":true,"href":"https:\/\/sustainability-canvas.com\/pt\/wp-json\/wp\/v2\/users\/2"}],"replies":[{"embeddable":true,"href":"https:\/\/sustainability-canvas.com\/pt\/wp-json\/wp\/v2\/comments?post=402"}],"version-history":[{"count":19,"href":"https:\/\/sustainability-canvas.com\/pt\/wp-json\/wp\/v2\/pages\/402\/revisions"}],"predecessor-version":[{"id":544,"href":"https:\/\/sustainability-canvas.com\/pt\/wp-json\/wp\/v2\/pages\/402\/revisions\/544"}],"wp:attachment":[{"href":"https:\/\/sustainability-canvas.com\/pt\/wp-json\/wp\/v2\/media?parent=402"}],"curies":[{"name":"wp","href":"https:\/\/api.w.org\/{rel}","templated":true}]}}