{"id":2112,"date":"2021-01-20T20:18:42","date_gmt":"2021-01-20T22:18:42","guid":{"rendered":"https:\/\/sustainability-canvas.com\/a-doacao-falhou\/"},"modified":"2021-01-20T20:18:42","modified_gmt":"2021-01-20T22:18:42","slug":"a-doacao-falhou","status":"publish","type":"page","link":"https:\/\/sustainability-canvas.com\/pt\/a-doacao-falhou\/","title":{"rendered":"A doa\u00e7\u00e3o falhou"},"content":{"rendered":"<p>Sentimos muito, sua doa\u00e7\u00e3o n\u00e3o foi processada. Tente novamente ou entre em contato com o suporte do site.<\/p>","protected":false},"excerpt":{"rendered":"<p>Sentimos muito, sua doa\u00e7\u00e3o n\u00e3o foi processada. Tente novamente ou entre em contato com o suporte do site.<\/p>","protected":false},"author":1,"featured_media":0,"parent":0,"menu_order":0,"comment_status":"closed","ping_status":"closed","template":"","meta":{"give_campaign_id":0,"footnotes":""},"class_list":["post-2112","page","type-page","status-publish","hentry"],"yoast_head":"<!-- This site is optimized with the Yoast SEO plugin v27.5 - https:\/\/yoast.com\/product\/yoast-seo-wordpress\/ -->\n<title>4D Sustainability Canvas - A doa\u00e7\u00e3o falhou<\/title>\n<meta name=\"robots\" content=\"index, follow, max-snippet:-1, max-image-preview:large, max-video-preview:-1\" \/>\n<link rel=\"canonical\" href=\"https:\/\/sustainability-canvas.com\/pt\/a-doacao-falhou\/\" \/>\n<meta property=\"og:locale\" content=\"pt_BR\" \/>\n<meta property=\"og:type\" content=\"article\" \/>\n<meta property=\"og:title\" content=\"4D Sustainability Canvas - A doa\u00e7\u00e3o falhou\" \/>\n<meta property=\"og:description\" content=\"Sentimos muito, sua doa\u00e7\u00e3o n\u00e3o foi processada. Tente novamente ou entre em contato com o suporte do site.\" \/>\n<meta property=\"og:url\" content=\"https:\/\/sustainability-canvas.com\/pt\/a-doacao-falhou\/\" \/>\n<meta property=\"og:site_name\" content=\"4D Sustainability Canvas\" \/>\n<meta property=\"og:image\" content=\"https:\/\/sustainability-canvas.com\/wp-content\/uploads\/2020\/02\/fav1.png\" \/>\n\t<meta property=\"og:image:width\" content=\"600\" \/>\n\t<meta property=\"og:image:height\" content=\"600\" \/>\n\t<meta property=\"og:image:type\" content=\"image\/png\" \/>\n<meta name=\"twitter:card\" content=\"summary_large_image\" \/>\n<script type=\"application\/ld+json\" class=\"yoast-schema-graph\">{\"@context\":\"https:\\\/\\\/schema.org\",\"@graph\":[{\"@type\":\"WebPage\",\"@id\":\"https:\\\/\\\/sustainability-canvas.com\\\/a-doacao-falhou\\\/\",\"url\":\"https:\\\/\\\/sustainability-canvas.com\\\/a-doacao-falhou\\\/\",\"name\":\"4D Sustainability Canvas - A doa\u00e7\u00e3o falhou\",\"isPartOf\":{\"@id\":\"https:\\\/\\\/sustainability-canvas.com\\\/#website\"},\"datePublished\":\"2021-01-20T22:18:42+00:00\",\"breadcrumb\":{\"@id\":\"https:\\\/\\\/sustainability-canvas.com\\\/a-doacao-falhou\\\/#breadcrumb\"},\"inLanguage\":\"pt-BR\",\"potentialAction\":[{\"@type\":\"ReadAction\",\"target\":[\"https:\\\/\\\/sustainability-canvas.com\\\/a-doacao-falhou\\\/\"]}]},{\"@type\":\"BreadcrumbList\",\"@id\":\"https:\\\/\\\/sustainability-canvas.com\\\/a-doacao-falhou\\\/#breadcrumb\",\"itemListElement\":[{\"@type\":\"ListItem\",\"position\":1,\"name\":\"In\u00edcio\",\"item\":\"https:\\\/\\\/sustainability-canvas.com\\\/\"},{\"@type\":\"ListItem\",\"position\":2,\"name\":\"A doa\u00e7\u00e3o falhou\"}]},{\"@type\":\"WebSite\",\"@id\":\"https:\\\/\\\/sustainability-canvas.com\\\/#website\",\"url\":\"https:\\\/\\\/sustainability-canvas.com\\\/\",\"name\":\"4D Sustainability Canvas\",\"description\":\"Navigating small and medium enterprises on their sustainability journey\",\"publisher\":{\"@id\":\"https:\\\/\\\/sustainability-canvas.com\\\/#organization\"},\"potentialAction\":[{\"@type\":\"SearchAction\",\"target\":{\"@type\":\"EntryPoint\",\"urlTemplate\":\"https:\\\/\\\/sustainability-canvas.com\\\/?s={search_term_string}\"},\"query-input\":{\"@type\":\"PropertyValueSpecification\",\"valueRequired\":true,\"valueName\":\"search_term_string\"}}],\"inLanguage\":\"pt-BR\"},{\"@type\":\"Organization\",\"@id\":\"https:\\\/\\\/sustainability-canvas.com\\\/#organization\",\"name\":\"4D Sustainability Canvas\",\"url\":\"https:\\\/\\\/sustainability-canvas.com\\\/\",\"logo\":{\"@type\":\"ImageObject\",\"inLanguage\":\"pt-BR\",\"@id\":\"https:\\\/\\\/sustainability-canvas.com\\\/#\\\/schema\\\/logo\\\/image\\\/\",\"url\":\"https:\\\/\\\/sustainability-canvas.com\\\/wp-content\\\/uploads\\\/2020\\\/02\\\/logo.png\",\"contentUrl\":\"https:\\\/\\\/sustainability-canvas.com\\\/wp-content\\\/uploads\\\/2020\\\/02\\\/logo.png\",\"width\":1688,\"height\":626,\"caption\":\"4D Sustainability Canvas\"},\"image\":{\"@id\":\"https:\\\/\\\/sustainability-canvas.com\\\/#\\\/schema\\\/logo\\\/image\\\/\"}}]}<\/script>\n<!-- \/ Yoast SEO plugin. -->","yoast_head_json":{"title":"4D Sustainability Canvas - A doa\u00e7\u00e3o falhou","robots":{"index":"index","follow":"follow","max-snippet":"max-snippet:-1","max-image-preview":"max-image-preview:large","max-video-preview":"max-video-preview:-1"},"canonical":"https:\/\/sustainability-canvas.com\/pt\/a-doacao-falhou\/","og_locale":"pt_BR","og_type":"article","og_title":"4D Sustainability Canvas - A doa\u00e7\u00e3o falhou","og_description":"Sentimos muito, sua doa\u00e7\u00e3o n\u00e3o foi processada. Tente novamente ou entre em contato com o suporte do site.","og_url":"https:\/\/sustainability-canvas.com\/pt\/a-doacao-falhou\/","og_site_name":"4D Sustainability Canvas","og_image":[{"width":600,"height":600,"url":"https:\/\/sustainability-canvas.com\/wp-content\/uploads\/2020\/02\/fav1.png","type":"image\/png"}],"twitter_card":"summary_large_image","schema":{"@context":"https:\/\/schema.org","@graph":[{"@type":"WebPage","@id":"https:\/\/sustainability-canvas.com\/a-doacao-falhou\/","url":"https:\/\/sustainability-canvas.com\/a-doacao-falhou\/","name":"4D Sustainability Canvas - A doa\u00e7\u00e3o falhou","isPartOf":{"@id":"https:\/\/sustainability-canvas.com\/#website"},"datePublished":"2021-01-20T22:18:42+00:00","breadcrumb":{"@id":"https:\/\/sustainability-canvas.com\/a-doacao-falhou\/#breadcrumb"},"inLanguage":"pt-BR","potentialAction":[{"@type":"ReadAction","target":["https:\/\/sustainability-canvas.com\/a-doacao-falhou\/"]}]},{"@type":"BreadcrumbList","@id":"https:\/\/sustainability-canvas.com\/a-doacao-falhou\/#breadcrumb","itemListElement":[{"@type":"ListItem","position":1,"name":"In\u00edcio","item":"https:\/\/sustainability-canvas.com\/"},{"@type":"ListItem","position":2,"name":"A doa\u00e7\u00e3o falhou"}]},{"@type":"WebSite","@id":"https:\/\/sustainability-canvas.com\/#website","url":"https:\/\/sustainability-canvas.com\/","name":"4D Sustainability Canvas","description":"Navigating small and medium enterprises on their sustainability journey","publisher":{"@id":"https:\/\/sustainability-canvas.com\/#organization"},"potentialAction":[{"@type":"SearchAction","target":{"@type":"EntryPoint","urlTemplate":"https:\/\/sustainability-canvas.com\/?s={search_term_string}"},"query-input":{"@type":"PropertyValueSpecification","valueRequired":true,"valueName":"search_term_string"}}],"inLanguage":"pt-BR"},{"@type":"Organization","@id":"https:\/\/sustainability-canvas.com\/#organization","name":"4D Sustainability Canvas","url":"https:\/\/sustainability-canvas.com\/","logo":{"@type":"ImageObject","inLanguage":"pt-BR","@id":"https:\/\/sustainability-canvas.com\/#\/schema\/logo\/image\/","url":"https:\/\/sustainability-canvas.com\/wp-content\/uploads\/2020\/02\/logo.png","contentUrl":"https:\/\/sustainability-canvas.com\/wp-content\/uploads\/2020\/02\/logo.png","width":1688,"height":626,"caption":"4D Sustainability Canvas"},"image":{"@id":"https:\/\/sustainability-canvas.com\/#\/schema\/logo\/image\/"}}]}},"campaignId":"","_links":{"self":[{"href":"https:\/\/sustainability-canvas.com\/pt\/wp-json\/wp\/v2\/pages\/2112","targetHints":{"allow":["GET"]}}],"collection":[{"href":"https:\/\/sustainability-canvas.com\/pt\/wp-json\/wp\/v2\/pages"}],"about":[{"href":"https:\/\/sustainability-canvas.com\/pt\/wp-json\/wp\/v2\/types\/page"}],"author":[{"embeddable":true,"href":"https:\/\/sustainability-canvas.com\/pt\/wp-json\/wp\/v2\/users\/1"}],"replies":[{"embeddable":true,"href":"https:\/\/sustainability-canvas.com\/pt\/wp-json\/wp\/v2\/comments?post=2112"}],"version-history":[{"count":0,"href":"https:\/\/sustainability-canvas.com\/pt\/wp-json\/wp\/v2\/pages\/2112\/revisions"}],"wp:attachment":[{"href":"https:\/\/sustainability-canvas.com\/pt\/wp-json\/wp\/v2\/media?parent=2112"}],"curies":[{"name":"wp","href":"https:\/\/api.w.org\/{rel}","templated":true}]}}